{"id":730,"date":"2022-04-08T01:09:58","date_gmt":"2022-04-08T04:09:58","guid":{"rendered":"https:\/\/kranst.com\/?page_id=730"},"modified":"2022-07-02T01:14:44","modified_gmt":"2022-07-02T04:14:44","slug":"estrategias-de-marketing","status":"publish","type":"page","link":"https:\/\/kranst.com\/index.php\/estrategias-de-marketing\/","title":{"rendered":"Estrategias de marketing"},"content":{"rendered":"\t\t<div data-elementor-type=\"wp-page\" data-elementor-id=\"730\" class=\"elementor elementor-730\" data-elementor-post-type=\"page\">\n\t\t\t\t\t\t<section data-particle_enable=\"false\" data-particle-mobile-disabled=\"false\" class=\"elementor-section elementor-top-section elementor-element elementor-element-60c0642e elementor-section-height-min-height elementor-section-items-stretch elementor-section-content-bottom elementor-reverse-tablet elementor-section-boxed elementor-section-height-default\" data-id=\"60c0642e\" data-element_type=\"section\" data-e-type=\"section\" data-settings=\"{&quot;background_background&quot;:&quot;classic&quot;}\">\n\t\t\t\t\t\t<div class=\"elementor-container elementor-column-gap-no\">\n\t\t\t\t\t<div class=\"elementor-column elementor-col-50 elementor-top-column elementor-element elementor-element-2ef2ccf1\" data-id=\"2ef2ccf1\" data-element_type=\"column\" data-e-type=\"column\">\n\t\t\t<div class=\"elementor-widget-wrap elementor-element-populated\">\n\t\t\t\t\t\t<div class=\"elementor-element elementor-element-247a29c elementor-invisible elementor-widget elementor-widget-heading\" data-id=\"247a29c\" data-element_type=\"widget\" data-e-type=\"widget\" data-settings=\"{&quot;_animation&quot;:&quot;fadeInUp&quot;,&quot;_animation_delay&quot;:200}\" data-widget_type=\"heading.default\">\n\t\t\t\t<div class=\"elementor-widget-container\">\n\t\t\t\t\t<h2 class=\"elementor-heading-title elementor-size-default\">Estrategias y t\u00e1cticas de Marketing<\/h2>\t\t\t\t<\/div>\n\t\t\t\t<\/div>\n\t\t\t\t\t<\/div>\n\t\t<\/div>\n\t\t\t\t<div class=\"elementor-column elementor-col-50 elementor-top-column elementor-element elementor-element-5b75ba8\" data-id=\"5b75ba8\" data-element_type=\"column\" data-e-type=\"column\" data-settings=\"{&quot;background_background&quot;:&quot;classic&quot;}\">\n\t\t\t<div class=\"elementor-widget-wrap elementor-element-populated\">\n\t\t\t\t\t\t<div class=\"elementor-element elementor-element-10e445d3 elementor-invisible elementor-widget elementor-widget-heading\" data-id=\"10e445d3\" data-element_type=\"widget\" data-e-type=\"widget\" data-settings=\"{&quot;_animation&quot;:&quot;fadeInUp&quot;,&quot;_animation_delay&quot;:200}\" data-widget_type=\"heading.default\">\n\t\t\t\t<div class=\"elementor-widget-container\">\n\t\t\t\t\t<h1 class=\"elementor-heading-title elementor-size-default\">El proceso<\/h1>\t\t\t\t<\/div>\n\t\t\t\t<\/div>\n\t\t\t\t<div class=\"elementor-element elementor-element-4573c6c7 elementor-invisible elementor-widget elementor-widget-text-editor\" data-id=\"4573c6c7\" data-element_type=\"widget\" data-e-type=\"widget\" data-settings=\"{&quot;_animation&quot;:&quot;fadeInUp&quot;,&quot;_animation_delay&quot;:400}\" data-widget_type=\"text-editor.default\">\n\t\t\t\t<div class=\"elementor-widget-container\">\n\t\t\t\t\t\t\t\t\t<p>Elaboramos todo lo necesario para definir una estrategia exitosa, desde el an\u00e1lisis inicial de la la propia empresa o negocio hasta el mercado y cliente.<\/p><p>Combinamos las nuevas tendencias con las t\u00e1cticas y acciones de probado \u00e9xito en el mercado.<\/p>\t\t\t\t\t\t\t\t<\/div>\n\t\t\t\t<\/div>\n\t\t\t\t<div class=\"elementor-element elementor-element-29be0968 elementor-invisible elementor-widget elementor-widget-image\" data-id=\"29be0968\" data-element_type=\"widget\" data-e-type=\"widget\" data-settings=\"{&quot;_animation&quot;:&quot;slideInDown&quot;}\" data-widget_type=\"image.default\">\n\t\t\t\t<div class=\"elementor-widget-container\">\n\t\t\t\t\t\t\t\t\t\t\t\t\t\t\t<img fetchpriority=\"high\" decoding=\"async\" width=\"800\" height=\"534\" src=\"https:\/\/kranst.com\/wp-content\/uploads\/2022\/04\/kaleidico-3V8xo5Gbusk-unsplash-1024x683.jpg\" class=\"attachment-large size-large wp-image-738\" alt=\"\" srcset=\"https:\/\/kranst.com\/wp-content\/uploads\/2022\/04\/kaleidico-3V8xo5Gbusk-unsplash-1024x683.jpg 1024w, https:\/\/kranst.com\/wp-content\/uploads\/2022\/04\/kaleidico-3V8xo5Gbusk-unsplash-300x200.jpg 300w, https:\/\/kranst.com\/wp-content\/uploads\/2022\/04\/kaleidico-3V8xo5Gbusk-unsplash-768x512.jpg 768w, https:\/\/kranst.com\/wp-content\/uploads\/2022\/04\/kaleidico-3V8xo5Gbusk-unsplash-1536x1024.jpg 1536w, https:\/\/kranst.com\/wp-content\/uploads\/2022\/04\/kaleidico-3V8xo5Gbusk-unsplash-150x100.jpg 150w, https:\/\/kranst.com\/wp-content\/uploads\/2022\/04\/kaleidico-3V8xo5Gbusk-unsplash.jpg 1920w\" sizes=\"(max-width: 800px) 100vw, 800px\" \/>\t\t\t\t\t\t\t\t\t\t\t\t\t\t\t<\/div>\n\t\t\t\t<\/div>\n\t\t\t\t<div class=\"elementor-element elementor-element-2ae39565 elementor-widget__width-initial elementor-widget-tablet__width-inherit elementor-widget-mobile__width-inherit elementor-absolute elementor-widget elementor-widget-spacer\" data-id=\"2ae39565\" data-element_type=\"widget\" data-e-type=\"widget\" data-settings=\"{&quot;_position&quot;:&quot;absolute&quot;}\" data-widget_type=\"spacer.default\">\n\t\t\t\t<div class=\"elementor-widget-container\">\n\t\t\t\t\t\t\t<div class=\"elementor-spacer\">\n\t\t\t<div class=\"elementor-spacer-inner\"><\/div>\n\t\t<\/div>\n\t\t\t\t\t\t<\/div>\n\t\t\t\t<\/div>\n\t\t\t\t\t<\/div>\n\t\t<\/div>\n\t\t\t\t\t<\/div>\n\t\t<\/section>\n\t\t\t\t<section data-particle_enable=\"false\" data-particle-mobile-disabled=\"false\" class=\"elementor-section elementor-top-section elementor-element elementor-element-58517b8f elementor-section-height-min-height elementor-section-items-stretch elementor-section-content-middle elementor-section-boxed elementor-section-height-default\" data-id=\"58517b8f\" data-element_type=\"section\" data-e-type=\"section\" data-settings=\"{&quot;background_background&quot;:&quot;classic&quot;}\">\n\t\t\t\t\t\t<div class=\"elementor-container elementor-column-gap-no\">\n\t\t\t\t\t<div class=\"elementor-column elementor-col-100 elementor-top-column elementor-element elementor-element-33386116\" data-id=\"33386116\" data-element_type=\"column\" data-e-type=\"column\" data-settings=\"{&quot;background_background&quot;:&quot;classic&quot;}\">\n\t\t\t<div class=\"elementor-widget-wrap elementor-element-populated\">\n\t\t\t\t\t\t<div class=\"elementor-element elementor-element-49eec23c elementor-invisible elementor-widget elementor-widget-heading\" data-id=\"49eec23c\" data-element_type=\"widget\" data-e-type=\"widget\" data-settings=\"{&quot;_animation&quot;:&quot;fadeInUp&quot;,&quot;_animation_delay&quot;:200}\" data-widget_type=\"heading.default\">\n\t\t\t\t<div class=\"elementor-widget-container\">\n\t\t\t\t\t<h2 class=\"elementor-heading-title elementor-size-default\">Como lo hacemos<\/h2>\t\t\t\t<\/div>\n\t\t\t\t<\/div>\n\t\t\t\t<div class=\"elementor-element elementor-element-7f3110df elementor-invisible elementor-widget elementor-widget-text-editor\" data-id=\"7f3110df\" data-element_type=\"widget\" data-e-type=\"widget\" data-settings=\"{&quot;_animation&quot;:&quot;fadeIn&quot;,&quot;_animation_delay&quot;:600}\" data-widget_type=\"text-editor.default\">\n\t\t\t\t<div class=\"elementor-widget-container\">\n\t\t\t\t\t\t\t\t\t<p>&#8220;Las nuevas tendencias nos brindan la posibilidad de probar acciones nuevas o mejorar las que reci\u00e9n se llevan a cabo en el mercado as\u00ed como tambi\u00e9n lograr un posicionamiento diferenciado en el mercado. En tanto, aprovechar las t\u00e1cticas de probada eficiencia nos permite pisar terreno firme donde establecerse mientras se implementan nuevas acciones de expansi\u00f3n&#8221;<\/p>\t\t\t\t\t\t\t\t<\/div>\n\t\t\t\t<\/div>\n\t\t\t\t\t<\/div>\n\t\t<\/div>\n\t\t\t\t\t<\/div>\n\t\t<\/section>\n\t\t\t\t<section data-particle_enable=\"false\" data-particle-mobile-disabled=\"false\" class=\"elementor-section elementor-top-section elementor-element elementor-element-22839a1 elementor-section-full_width elementor-section-height-default elementor-section-height-default\" data-id=\"22839a1\" data-element_type=\"section\" data-e-type=\"section\">\n\t\t\t\t\t\t<div class=\"elementor-container elementor-column-gap-default\">\n\t\t\t\t\t<div class=\"elementor-column elementor-col-100 elementor-top-column elementor-element elementor-element-da73073\" data-id=\"da73073\" data-element_type=\"column\" data-e-type=\"column\">\n\t\t\t<div class=\"elementor-widget-wrap elementor-element-populated\">\n\t\t\t\t\t\t<div class=\"elementor-element elementor-element-bcc6586 elementor-headline--style-highlight elementor-widget elementor-widget-animated-headline\" data-id=\"bcc6586\" data-element_type=\"widget\" data-e-type=\"widget\" data-settings=\"{&quot;marker&quot;:&quot;underline_zigzag&quot;,&quot;highlighted_text&quot;:&quot;Creada&quot;,&quot;headline_style&quot;:&quot;highlight&quot;,&quot;loop&quot;:&quot;yes&quot;,&quot;highlight_animation_duration&quot;:1200,&quot;highlight_iteration_delay&quot;:8000}\" data-widget_type=\"animated-headline.default\">\n\t\t\t\t<div class=\"elementor-widget-container\">\n\t\t\t\t\t\t\t<h3 class=\"elementor-headline\">\n\t\t\t\t\t<span class=\"elementor-headline-plain-text elementor-headline-text-wrapper\">Estrat\u00e9gia de marketing<\/span>\n\t\t\t\t<span class=\"elementor-headline-dynamic-wrapper elementor-headline-text-wrapper\">\n\t\t\t\t\t<span class=\"elementor-headline-dynamic-text elementor-headline-text-active\">Creada<\/span>\n\t\t\t\t<\/span>\n\t\t\t\t\t<span class=\"elementor-headline-plain-text elementor-headline-text-wrapper\">a partir del an\u00e1lisis de:<\/span>\n\t\t\t\t\t<\/h3>\n\t\t\t\t\t\t<\/div>\n\t\t\t\t<\/div>\n\t\t\t\t<div class=\"elementor-element elementor-element-a7747ab elementor-widget elementor-widget-hotspot\" data-id=\"a7747ab\" data-element_type=\"widget\" data-e-type=\"widget\" data-settings=\"{&quot;hotspot&quot;:[{&quot;_id&quot;:&quot;1926658&quot;,&quot;hotspot_icon&quot;:{&quot;value&quot;:&quot;icon icon-users2&quot;,&quot;library&quot;:&quot;ekiticons&quot;},&quot;hotspot_tooltip_content&quot;:&quot;&lt;p&gt;Cliente:&lt;\\\/p&gt;&lt;ul&gt;&lt;li&gt;Necesidades&lt;\\\/li&gt;&lt;li&gt;Intereses&lt;\\\/li&gt;&lt;li&gt;Comportamiento&lt;\\\/li&gt;&lt;li&gt;Sentimientos&lt;\\\/li&gt;&lt;\\\/ul&gt;&quot;,&quot;hotspot_offset_x&quot;:{&quot;unit&quot;:&quot;%&quot;,&quot;size&quot;:11,&quot;sizes&quot;:[]},&quot;hotspot_offset_y&quot;:{&quot;unit&quot;:&quot;%&quot;,&quot;size&quot;:61,&quot;sizes&quot;:[]},&quot;hotspot_custom_size&quot;:&quot;yes&quot;,&quot;hotspot_width&quot;:{&quot;unit&quot;:&quot;px&quot;,&quot;size&quot;:50,&quot;sizes&quot;:[]},&quot;hotspot_height&quot;:{&quot;unit&quot;:&quot;px&quot;,&quot;size&quot;:50,&quot;sizes&quot;:[]},&quot;hotspot_label&quot;:&quot;&quot;,&quot;hotspot_link&quot;:{&quot;url&quot;:&quot;&quot;,&quot;is_external&quot;:&quot;&quot;,&quot;nofollow&quot;:&quot;&quot;,&quot;custom_attributes&quot;:&quot;&quot;},&quot;hotspot_horizontal&quot;:&quot;left&quot;,&quot;hotspot_vertical&quot;:&quot;top&quot;,&quot;hotspot_tooltip_position&quot;:&quot;no&quot;,&quot;hotspot_position&quot;:null},{&quot;_id&quot;:&quot;e0024fb&quot;,&quot;hotspot_icon&quot;:{&quot;value&quot;:&quot;fas fa-hand-holding-heart&quot;,&quot;library&quot;:&quot;fa-solid&quot;},&quot;hotspot_tooltip_content&quot;:&quot;&lt;p&gt;Conocimiento Propio:&lt;\\\/p&gt;&lt;ul&gt;&lt;li&gt;Foda&lt;\\\/li&gt;&lt;li&gt;Canvas&lt;\\\/li&gt;&lt;li&gt;Porter&lt;\\\/li&gt;&lt;li&gt;Pestel&lt;\\\/li&gt;&lt;li&gt;7 s&lt;\\\/li&gt;&lt;\\\/ul&gt;&quot;,&quot;hotspot_offset_x&quot;:{&quot;unit&quot;:&quot;%&quot;,&quot;size&quot;:23,&quot;sizes&quot;:[]},&quot;hotspot_offset_y&quot;:{&quot;unit&quot;:&quot;%&quot;,&quot;size&quot;:30,&quot;sizes&quot;:[]},&quot;hotspot_custom_size&quot;:&quot;yes&quot;,&quot;hotspot_width&quot;:{&quot;unit&quot;:&quot;px&quot;,&quot;size&quot;:50,&quot;sizes&quot;:[]},&quot;hotspot_height&quot;:{&quot;unit&quot;:&quot;px&quot;,&quot;size&quot;:50,&quot;sizes&quot;:[]},&quot;hotspot_label&quot;:&quot;&quot;,&quot;hotspot_link&quot;:{&quot;url&quot;:&quot;&quot;,&quot;is_external&quot;:&quot;&quot;,&quot;nofollow&quot;:&quot;&quot;,&quot;custom_attributes&quot;:&quot;&quot;},&quot;hotspot_horizontal&quot;:&quot;left&quot;,&quot;hotspot_vertical&quot;:&quot;top&quot;,&quot;hotspot_tooltip_position&quot;:&quot;no&quot;,&quot;hotspot_position&quot;:null},{&quot;_id&quot;:&quot;110d378&quot;,&quot;hotspot_icon&quot;:{&quot;value&quot;:&quot;fas fa-people-arrows&quot;,&quot;library&quot;:&quot;fa-solid&quot;},&quot;hotspot_tooltip_content&quot;:&quot;&lt;p&gt;Mercado:&lt;\\\/p&gt;&lt;ul&gt;&lt;li&gt;Medios tradicionales&lt;\\\/li&gt;&lt;li&gt;Monitorizaci\\u00f3n RRSS&lt;\\\/li&gt;&lt;li&gt;Tendencias Online&lt;\\\/li&gt;&lt;\\\/ul&gt;&quot;,&quot;hotspot_offset_x&quot;:{&quot;unit&quot;:&quot;%&quot;,&quot;size&quot;:69,&quot;sizes&quot;:[]},&quot;hotspot_offset_y&quot;:{&quot;unit&quot;:&quot;%&quot;,&quot;size&quot;:27,&quot;sizes&quot;:[]},&quot;hotspot_custom_size&quot;:&quot;yes&quot;,&quot;hotspot_width&quot;:{&quot;unit&quot;:&quot;px&quot;,&quot;size&quot;:50,&quot;sizes&quot;:[]},&quot;hotspot_height&quot;:{&quot;unit&quot;:&quot;px&quot;,&quot;size&quot;:50,&quot;sizes&quot;:[]},&quot;hotspot_label&quot;:&quot;&quot;,&quot;hotspot_link&quot;:{&quot;url&quot;:&quot;&quot;,&quot;is_external&quot;:&quot;&quot;,&quot;nofollow&quot;:&quot;&quot;,&quot;custom_attributes&quot;:&quot;&quot;},&quot;hotspot_horizontal&quot;:&quot;left&quot;,&quot;hotspot_vertical&quot;:&quot;top&quot;,&quot;hotspot_tooltip_position&quot;:&quot;no&quot;,&quot;hotspot_position&quot;:null},{&quot;_id&quot;:&quot;296a290&quot;,&quot;hotspot_icon&quot;:{&quot;value&quot;:&quot;icon icon-shuffle-arrow&quot;,&quot;library&quot;:&quot;ekiticons&quot;},&quot;hotspot_tooltip_content&quot;:&quot;&lt;p&gt;Competencia:&lt;\\\/p&gt;&lt;ul&gt;&lt;li&gt;RRSS&lt;\\\/li&gt;&lt;li&gt;Tr\\u00e1fico&lt;\\\/li&gt;&lt;li&gt;Growth Quadrant&lt;\\\/li&gt;&lt;\\\/ul&gt;&quot;,&quot;hotspot_offset_x&quot;:{&quot;unit&quot;:&quot;%&quot;,&quot;size&quot;:92,&quot;sizes&quot;:[]},&quot;hotspot_custom_size&quot;:&quot;yes&quot;,&quot;hotspot_width&quot;:{&quot;unit&quot;:&quot;px&quot;,&quot;size&quot;:50,&quot;sizes&quot;:[]},&quot;hotspot_height&quot;:{&quot;unit&quot;:&quot;px&quot;,&quot;size&quot;:50,&quot;sizes&quot;:[]},&quot;hotspot_label&quot;:&quot;&quot;,&quot;hotspot_link&quot;:{&quot;url&quot;:&quot;&quot;,&quot;is_external&quot;:&quot;&quot;,&quot;nofollow&quot;:&quot;&quot;,&quot;custom_attributes&quot;:&quot;&quot;},&quot;hotspot_horizontal&quot;:&quot;left&quot;,&quot;hotspot_vertical&quot;:&quot;top&quot;,&quot;hotspot_tooltip_position&quot;:&quot;no&quot;,&quot;hotspot_position&quot;:null}],&quot;tooltip_trigger&quot;:&quot;mouseenter&quot;,&quot;tooltip_animation&quot;:&quot;e-hotspot--fade-grow&quot;,&quot;hotspot_sequenced_animation&quot;:&quot;no&quot;,&quot;tooltip_position&quot;:&quot;top&quot;}\" data-widget_type=\"hotspot.default\">\n\t\t\t\t<div class=\"elementor-widget-container\">\n\t\t\t\t\t<img decoding=\"async\" width=\"1920\" height=\"1280\" src=\"https:\/\/kranst.com\/wp-content\/uploads\/2022\/05\/vd-photography-WuAtRhzczK8-unsplash.jpg\" class=\"attachment-full size-full wp-image-1156\" alt=\"\" srcset=\"https:\/\/kranst.com\/wp-content\/uploads\/2022\/05\/vd-photography-WuAtRhzczK8-unsplash.jpg 1920w, https:\/\/kranst.com\/wp-content\/uploads\/2022\/05\/vd-photography-WuAtRhzczK8-unsplash-300x200.jpg 300w, https:\/\/kranst.com\/wp-content\/uploads\/2022\/05\/vd-photography-WuAtRhzczK8-unsplash-1024x683.jpg 1024w, https:\/\/kranst.com\/wp-content\/uploads\/2022\/05\/vd-photography-WuAtRhzczK8-unsplash-768x512.jpg 768w, https:\/\/kranst.com\/wp-content\/uploads\/2022\/05\/vd-photography-WuAtRhzczK8-unsplash-1536x1024.jpg 1536w, https:\/\/kranst.com\/wp-content\/uploads\/2022\/05\/vd-photography-WuAtRhzczK8-unsplash-150x100.jpg 150w\" sizes=\"(max-width: 1920px) 100vw, 1920px\" \/>\n\t\t\t\t\t\t<div class=\"e-hotspot elementor-repeater-item-1926658  e-hotspot--position-left e-hotspot--position-top   e-hotspot--icon\">\n\n\t\t\t\t\t\t\t\t<div class=\"e-hotspot__button e-hotspot--expand\">\n\t\t\t\t\t\t\t\t\t\t\t\t\t\t\t\t\t\t<div class=\"e-hotspot__icon\"><i class=\"icon icon-users2\"><\/i><\/div>\n\t\t\t\t\t\t\t\t\t\t\t\t\t\t\t\t\t\t\t\t\t<\/div>\n\n\t\t\t\t\t\t\t\t\t\t\t\t\t\t\t\t\t\t<div class=\"e-hotspot__tooltip  e-hotspot--tooltip-position e-hotspot--fade-grow \" >\n\t\t\t\t\t\t<p>Cliente:<\/p><ul><li>Necesidades<\/li><li>Intereses<\/li><li>Comportamiento<\/li><li>Sentimientos<\/li><\/ul>\t\t\t\t\t<\/div>\n\t\t\t\t\t\t\t\t\t\n\t\t\t<\/div>\n\n\t\n\t\t\t\t\t\t<div class=\"e-hotspot elementor-repeater-item-e0024fb  e-hotspot--position-left e-hotspot--position-top   e-hotspot--icon\">\n\n\t\t\t\t\t\t\t\t<div class=\"e-hotspot__button e-hotspot--expand\">\n\t\t\t\t\t\t\t\t\t\t\t\t\t\t\t\t\t\t<div class=\"e-hotspot__icon\"><i class=\"fas fa-hand-holding-heart\"><\/i><\/div>\n\t\t\t\t\t\t\t\t\t\t\t\t\t\t\t\t\t\t\t\t\t<\/div>\n\n\t\t\t\t\t\t\t\t\t\t\t\t\t\t\t\t\t\t<div class=\"e-hotspot__tooltip  e-hotspot--tooltip-position e-hotspot--fade-grow \" >\n\t\t\t\t\t\t<p>Conocimiento Propio:<\/p><ul><li>Foda<\/li><li>Canvas<\/li><li>Porter<\/li><li>Pestel<\/li><li>7 s<\/li><\/ul>\t\t\t\t\t<\/div>\n\t\t\t\t\t\t\t\t\t\n\t\t\t<\/div>\n\n\t\n\t\t\t\t\t\t<div class=\"e-hotspot elementor-repeater-item-110d378  e-hotspot--position-left e-hotspot--position-top   e-hotspot--icon\">\n\n\t\t\t\t\t\t\t\t<div class=\"e-hotspot__button e-hotspot--expand\">\n\t\t\t\t\t\t\t\t\t\t\t\t\t\t\t\t\t\t<div class=\"e-hotspot__icon\"><i class=\"fas fa-people-arrows\"><\/i><\/div>\n\t\t\t\t\t\t\t\t\t\t\t\t\t\t\t\t\t\t\t\t\t<\/div>\n\n\t\t\t\t\t\t\t\t\t\t\t\t\t\t\t\t\t\t<div class=\"e-hotspot__tooltip  e-hotspot--tooltip-position e-hotspot--fade-grow \" >\n\t\t\t\t\t\t<p>Mercado:<\/p><ul><li>Medios tradicionales<\/li><li>Monitorizaci\u00f3n RRSS<\/li><li>Tendencias Online<\/li><\/ul>\t\t\t\t\t<\/div>\n\t\t\t\t\t\t\t\t\t\n\t\t\t<\/div>\n\n\t<br \/>\n<b>Warning<\/b>:  Undefined array key \"hotspot_offset_y\" in <b>\/home\/u671957017\/domains\/kranst.com\/public_html\/wp-content\/plugins\/elementor-pro\/modules\/hotspot\/widgets\/hotspot.php<\/b> on line <b>1061<\/b><br \/>\n<br \/>\n<b>Warning<\/b>:  Trying to access array offset on value of type null in <b>\/home\/u671957017\/domains\/kranst.com\/public_html\/wp-content\/plugins\/elementor-pro\/modules\/hotspot\/widgets\/hotspot.php<\/b> on line <b>1061<\/b><br \/>\n\n\t\t\t\t\t\t<div class=\"e-hotspot elementor-repeater-item-296a290  e-hotspot--position-left    e-hotspot--icon\">\n\n\t\t\t\t\t\t\t\t<div class=\"e-hotspot__button e-hotspot--expand\">\n\t\t\t\t\t\t\t\t\t\t\t\t\t\t\t\t\t\t<div class=\"e-hotspot__icon\"><i class=\"icon icon-shuffle-arrow\"><\/i><\/div>\n\t\t\t\t\t\t\t\t\t\t\t\t\t\t\t\t\t\t\t\t\t<\/div>\n\n\t\t\t\t\t\t\t\t\t\t\t\t\t\t\t\t\t\t<div class=\"e-hotspot__tooltip  e-hotspot--tooltip-position e-hotspot--fade-grow \" >\n\t\t\t\t\t\t<p>Competencia:<\/p><ul><li>RRSS<\/li><li>Tr\u00e1fico<\/li><li>Growth Quadrant<\/li><\/ul>\t\t\t\t\t<\/div>\n\t\t\t\t\t\t\t\t\t\n\t\t\t<\/div>\n\n\t\n\t\t\t\t\t\t<\/div>\n\t\t\t\t<\/div>\n\t\t\t\t\t<\/div>\n\t\t<\/div>\n\t\t\t\t\t<\/div>\n\t\t<\/section>\n\t\t\t\t<section data-particle_enable=\"false\" data-particle-mobile-disabled=\"false\" class=\"elementor-section elementor-top-section elementor-element elementor-element-1eddaf2 elementor-section-full_width elementor-section-height-min-height elementor-section-items-stretch elementor-section-content-middle elementor-section-height-default\" data-id=\"1eddaf2\" data-element_type=\"section\" data-e-type=\"section\">\n\t\t\t\t\t\t<div class=\"elementor-container elementor-column-gap-no\">\n\t\t\t\t\t<div class=\"elementor-column elementor-col-100 elementor-top-column elementor-element elementor-element-2e5156b9\" data-id=\"2e5156b9\" data-element_type=\"column\" data-e-type=\"column\">\n\t\t\t<div class=\"elementor-widget-wrap elementor-element-populated\">\n\t\t\t\t\t\t<div class=\"elementor-element elementor-element-15916693 elementor-widget__width-auto elementor-absolute elementor-invisible elementor-widget elementor-widget-image\" data-id=\"15916693\" data-element_type=\"widget\" data-e-type=\"widget\" data-settings=\"{&quot;_animation&quot;:&quot;slideInLeft&quot;,&quot;_position&quot;:&quot;absolute&quot;}\" data-widget_type=\"image.default\">\n\t\t\t\t<div class=\"elementor-widget-container\">\n\t\t\t\t\t\t\t\t\t\t\t\t\t\t\t<img decoding=\"async\" width=\"574\" height=\"1024\" src=\"https:\/\/kranst.com\/wp-content\/uploads\/2022\/04\/yuri-bodrikhin-dXLnq8z8x4k-unsplash-574x1024.jpg\" class=\"attachment-large size-large wp-image-795\" alt=\"\" srcset=\"https:\/\/kranst.com\/wp-content\/uploads\/2022\/04\/yuri-bodrikhin-dXLnq8z8x4k-unsplash-574x1024.jpg 574w, https:\/\/kranst.com\/wp-content\/uploads\/2022\/04\/yuri-bodrikhin-dXLnq8z8x4k-unsplash-168x300.jpg 168w, https:\/\/kranst.com\/wp-content\/uploads\/2022\/04\/yuri-bodrikhin-dXLnq8z8x4k-unsplash-768x1369.jpg 768w, https:\/\/kranst.com\/wp-content\/uploads\/2022\/04\/yuri-bodrikhin-dXLnq8z8x4k-unsplash-862x1536.jpg 862w, https:\/\/kranst.com\/wp-content\/uploads\/2022\/04\/yuri-bodrikhin-dXLnq8z8x4k-unsplash-1149x2048.jpg 1149w, https:\/\/kranst.com\/wp-content\/uploads\/2022\/04\/yuri-bodrikhin-dXLnq8z8x4k-unsplash-150x267.jpg 150w, https:\/\/kranst.com\/wp-content\/uploads\/2022\/04\/yuri-bodrikhin-dXLnq8z8x4k-unsplash-scaled.jpg 1436w\" sizes=\"(max-width: 574px) 100vw, 574px\" \/>\t\t\t\t\t\t\t\t\t\t\t\t\t\t\t<\/div>\n\t\t\t\t<\/div>\n\t\t\t\t<section data-particle_enable=\"false\" data-particle-mobile-disabled=\"false\" class=\"elementor-section elementor-inner-section elementor-element elementor-element-3c6d07a4 elementor-section-height-min-height elementor-section-content-middle elementor-section-boxed elementor-section-height-default\" data-id=\"3c6d07a4\" data-element_type=\"section\" data-e-type=\"section\" data-settings=\"{&quot;background_background&quot;:&quot;classic&quot;}\">\n\t\t\t\t\t\t<div class=\"elementor-container elementor-column-gap-no\">\n\t\t\t\t\t<div class=\"elementor-column elementor-col-100 elementor-inner-column elementor-element elementor-element-2409dbf5\" data-id=\"2409dbf5\" data-element_type=\"column\" data-e-type=\"column\">\n\t\t\t<div class=\"elementor-widget-wrap elementor-element-populated\">\n\t\t\t\t\t\t<div class=\"elementor-element elementor-element-a0e97c9 elementor-invisible elementor-widget elementor-widget-heading\" data-id=\"a0e97c9\" data-element_type=\"widget\" data-e-type=\"widget\" data-settings=\"{&quot;_animation&quot;:&quot;fadeInUp&quot;,&quot;_animation_delay&quot;:200}\" data-widget_type=\"heading.default\">\n\t\t\t\t<div class=\"elementor-widget-container\">\n\t\t\t\t\t<h2 class=\"elementor-heading-title elementor-size-default\">Principales acciones:<\/h2>\t\t\t\t<\/div>\n\t\t\t\t<\/div>\n\t\t\t\t<div class=\"elementor-element elementor-element-7439e96c elementor-invisible elementor-widget elementor-widget-text-editor\" data-id=\"7439e96c\" data-element_type=\"widget\" data-e-type=\"widget\" data-settings=\"{&quot;_animation&quot;:&quot;fadeIn&quot;,&quot;_animation_delay&quot;:200}\" data-widget_type=\"text-editor.default\">\n\t\t\t\t<div class=\"elementor-widget-container\">\n\t\t\t\t\t\t\t\t\t<ul><li>Inbound<\/li><li>Email Marketing<\/li><li>Social Media<\/li><li>Advertising<\/li><\/ul><p>\u00a0<\/p>\t\t\t\t\t\t\t\t<\/div>\n\t\t\t\t<\/div>\n\t\t\t\t\t<\/div>\n\t\t<\/div>\n\t\t\t\t\t<\/div>\n\t\t<\/section>\n\t\t\t\t\t<\/div>\n\t\t<\/div>\n\t\t\t\t\t<\/div>\n\t\t<\/section>\n\t\t\t\t<section data-particle_enable=\"false\" data-particle-mobile-disabled=\"false\" class=\"elementor-section elementor-top-section elementor-element elementor-element-6cfb2f40 elementor-section-boxed elementor-section-height-default elementor-section-height-default\" data-id=\"6cfb2f40\" data-element_type=\"section\" data-e-type=\"section\">\n\t\t\t\t\t\t<div class=\"elementor-container elementor-column-gap-no\">\n\t\t\t\t\t\t<\/div>\n\t\t<\/section>\n\t\t\t\t<\/div>\n\t\t","protected":false},"excerpt":{"rendered":"<p>Estrategias y t\u00e1cticas de Marketing El proceso Elaboramos todo lo necesario para definir una estrategia exitosa, desde el an\u00e1lisis inicial de la la propia empresa o negocio hasta el mercado y cliente. Combinamos las nuevas tendencias con las t\u00e1cticas y acciones de probado \u00e9xito en el mercado. Como lo hacemos &#8220;Las nuevas tendencias nos brindan [&hellip;]<\/p>\n","protected":false},"author":1,"featured_media":0,"parent":0,"menu_order":0,"comment_status":"closed","ping_status":"closed","template":"","meta":{"_monsterinsights_skip_tracking":false,"_monsterinsights_sitenote_active":false,"_monsterinsights_sitenote_note":"","_monsterinsights_sitenote_category":0,"_joinchat":[],"footnotes":""},"class_list":["post-730","page","type-page","status-publish","hentry"],"aioseo_notices":[],"jetpack_sharing_enabled":true,"_links":{"self":[{"href":"https:\/\/kranst.com\/index.php\/wp-json\/wp\/v2\/pages\/730","targetHints":{"allow":["GET"]}}],"collection":[{"href":"https:\/\/kranst.com\/index.php\/wp-json\/wp\/v2\/pages"}],"about":[{"href":"https:\/\/kranst.com\/index.php\/wp-json\/wp\/v2\/types\/page"}],"author":[{"embeddable":true,"href":"https:\/\/kranst.com\/index.php\/wp-json\/wp\/v2\/users\/1"}],"replies":[{"embeddable":true,"href":"https:\/\/kranst.com\/index.php\/wp-json\/wp\/v2\/comments?post=730"}],"version-history":[{"count":75,"href":"https:\/\/kranst.com\/index.php\/wp-json\/wp\/v2\/pages\/730\/revisions"}],"predecessor-version":[{"id":1504,"href":"https:\/\/kranst.com\/index.php\/wp-json\/wp\/v2\/pages\/730\/revisions\/1504"}],"wp:attachment":[{"href":"https:\/\/kranst.com\/index.php\/wp-json\/wp\/v2\/media?parent=730"}],"curies":[{"name":"wp","href":"https:\/\/api.w.org\/{rel}","templated":true}]}}