{"id":313,"date":"2020-07-12T18:03:51","date_gmt":"2020-07-12T21:03:51","guid":{"rendered":"http:\/\/kranst.com\/?page_id=313"},"modified":"2022-05-24T16:12:58","modified_gmt":"2022-05-24T19:12:58","slug":"politica-de-privacidad","status":"publish","type":"page","link":"https:\/\/kranst.com\/index.php\/politica-de-privacidad\/","title":{"rendered":"Pol\u00edtica de Privacidad"},"content":{"rendered":"\t\t<div data-elementor-type=\"wp-page\" data-elementor-id=\"313\" class=\"elementor elementor-313\" data-elementor-post-type=\"page\">\n\t\t\t\t\t\t<section data-particle_enable=\"false\" data-particle-mobile-disabled=\"false\" class=\"elementor-section elementor-top-section elementor-element elementor-element-7ceff613 elementor-section-boxed elementor-section-height-default elementor-section-height-default\" data-id=\"7ceff613\" data-element_type=\"section\" data-e-type=\"section\">\n\t\t\t\t\t\t\t<div class=\"elementor-background-overlay\"><\/div>\n\t\t\t\t\t\t\t<div class=\"elementor-container elementor-column-gap-default\">\n\t\t\t\t\t<div class=\"elementor-column elementor-col-100 elementor-top-column elementor-element elementor-element-3bc20836\" data-id=\"3bc20836\" data-element_type=\"column\" data-e-type=\"column\">\n\t\t\t<div class=\"elementor-widget-wrap elementor-element-populated\">\n\t\t\t\t\t\t<div class=\"elementor-element elementor-element-457af2dc elementor-widget elementor-widget-text-editor\" data-id=\"457af2dc\" data-element_type=\"widget\" data-e-type=\"widget\" data-widget_type=\"text-editor.default\">\n\t\t\t\t<div class=\"elementor-widget-container\">\n\t\t\t\t\t\t\t\t\t<p><\/p>\n<p><span style=\"color: #000000;\">KRANST se encuentra comprometida con la Protecci\u00f3n de los Datos Personales de quienes hagan uso del sitio web www.Kranst.com, por lo que aplicar\u00e1 sus mayores esfuerzos y diligencia en su tratamiento, conforme a la pol\u00edtica que se explicita detalladamente en el presente documento.<\/span><\/p>\n<p><span style=\"color: #000000;\"><\/span><\/p>\n<p><span style=\"color: #000000;\">Primero. MARCO LEGAL<\/span><\/p>\n<p><span style=\"color: #000000;\"><\/span><\/p>\n<p><span style=\"color: #000000;\">La presente Pol\u00edtica de Privacidad se ajusta a lo dispuesto en la Ley N\u00b0 18.331 de 11 de agosto de 2008 y el Decreto N\u00b0 414\/009 de 21 de agosto de 2009 sobre Protecci\u00f3n de Datos Personales y Habeas Data y dem\u00e1s normas complementarias, modificativas y concordantes.<\/span><\/p>\n<p><span style=\"color: #000000;\"><\/span><\/p>\n<p><span style=\"color: #000000;\">Segundo. RESPONSABLE DEL TRATAMIENTO<\/span><\/p>\n<p><span style=\"color: #000000;\"><\/span><\/p>\n<p><span style=\"color: #000000;\">KRANST es una empresa de servicios de consultor\u00eda empresarial con Sede Principal en el Departamento de Montevideo. KRANST es el responsable del tratamiento de los datos personales que se recaban a trav\u00e9s de su sitio web www.Kranst.com, estando sus bases de datos en proceso de inscripci\u00f3n en el Registro de Bases de Datos Personales de la URCDP, creado por el art\u00edculo 1\u00ba del Decreto N\u00ba 664\/008, y de conformidad con lo previsto en la Ley 18.331 y su Decreto Reglamentario, N\u00ba 414\/009.<\/span><\/p>\n<p><span style=\"color: #000000;\"><\/span><\/p>\n<p><span style=\"color: #000000;\">El domicilio de KRANST es en la calle Pedro Alarc\u00f3n de la Ciudad de Montevideo, Departamento de Montevideo, Rep\u00fablica Oriental del Uruguay. Los medios de contacto son: en forma presencial en las oficinas de su domicilio y, en forma remota, a trav\u00e9s de los medios establecidos en el sitio web www.Kranst.com, del correo electr\u00f3nico contacto@Kranst.com y su tel\u00e9fono 094096452.<\/span><\/p>\n<p><span style=\"color: #000000;\"><\/span><\/p>\n<p><span style=\"color: #000000;\">Tercero. FINALIDAD Y LEGITIMACI\u00d3N DEL TRATAMIENTO<\/span><\/p>\n<p><span style=\"color: #000000;\"><\/span><\/p>\n<p><span style=\"color: #000000;\">El tratamiento de los datos personales de los usuarios del sitio web www.Kranst.com tiene como finalidad brindar un mejor servicio y facilitar el uso del sitio web a trav\u00e9s del an\u00e1lisis del n\u00famero y frecuencia de visitas, a cuyos efectos KRANST utiliza cookies.<\/span><\/p>\n<p><span style=\"color: #000000;\"><\/span><\/p>\n<p><span style=\"color: #000000;\">Respecto de la recolecci\u00f3n y tratamiento de datos realizado mediante mecanismos automatizados con el objeto de generar registros de actividad de los visitantes, KRANST en ning\u00fan caso realizar\u00e1 operaciones que impliquen asociar dicha informaci\u00f3n a alg\u00fan usuario identificado o identificable.<\/span><\/p>\n<p><span style=\"color: #000000;\"><\/span><\/p>\n<p><span style=\"color: #000000;\">El tratamiento de los datos personales del formulario &#8220;CONTACTO\u201d del sitio web www.Kranst.com tiene como finalidad gestionar el env\u00edo de informaci\u00f3n que el usuario nos solicite y responder a sus consultas, as\u00ed como obtener datos estad\u00edsticos de ellas.<\/span><\/p>\n<p><span style=\"color: #000000;\"><\/span><\/p>\n<p><span style=\"color: #000000;\">La base de legitimaci\u00f3n del tratamiento de estos datos es el consentimiento informado del usuario, el cual podr\u00e1 retirar en cualquier momento a trav\u00e9s de los medios que se informan en este documento.<\/span><\/p>\n<p><span style=\"color: #000000;\"><\/span><\/p>\n<p><span style=\"color: #000000;\">Cuarto. COMUNICACI\u00d3N DE DATOS<\/span><\/p>\n<p><span style=\"color: #000000;\"><\/span><\/p>\n<p><span style=\"color: #000000;\">KRANST no realizar\u00e1 ninguna cesi\u00f3n ni comunicaci\u00f3n a terceros de los datos personales recolectados salvo las excepciones legales previstas en la ley N\u00b0 18.331 de Protecci\u00f3n de Datos Personales y Acci\u00f3n de Habeas Data y dem\u00e1s normas complementarias, modificativas y concordantes o, cuando la consecuci\u00f3n de la finalidad perseguida por el usuario as\u00ed lo requiera, o con su consentimiento.<\/span><\/p>\n<p><span style=\"color: #000000;\"><\/span><\/p>\n<p><span style=\"color: #000000;\">Quinto. MEDIDAS DE SEGURIDAD<\/span><\/p>\n<p><span style=\"color: #000000;\"><\/span><\/p>\n<p><span style=\"color: #000000;\">KRANST ha adoptado las medidas t\u00e9cnicas y organizativas necesarias para garantizar la integridad, disponibilidad y confidencialidad de los datos personales que se encuentran en sus bases, habida cuenta del estado de la tecnolog\u00eda, la naturaleza de los datos tratados y los riesgos a que est\u00e1n expuestos, las que est\u00e1n en permanente revisi\u00f3n, actualizaci\u00f3n y mejora, para dar cumplimiento de las leyes y regulaciones a nivel nacional y a las recomendaciones sobre las mejores pr\u00e1cticas en Protecci\u00f3n de Datos Personales.<\/span><\/p>\n<p><span style=\"color: #000000;\"><\/span><\/p>\n<p><span style=\"color: #000000;\">Sexto. DERECHOS DE LOS TITULARES DE LOS DATOS<\/span><\/p>\n<p><span style=\"color: #000000;\"><\/span><\/p>\n<p><span style=\"color: #000000;\">El titular de los datos, previa acreditaci\u00f3n de su identidad, podr\u00e1 ejercer los derechos de acceso, rectificaci\u00f3n, actualizaci\u00f3n, inclusi\u00f3n y supresi\u00f3n, con arreglo a lo previsto en la Ley N\u00ba 18.331, sus reglamentaciones, modificativas y concordantes ante KRANST enviando un correo electr\u00f3nico a contacto@Kranst.com o, personalmente dirigi\u00e9ndose a su domicilio en Rio Branco 1359 de la Ciudad de Montevideo, Departamento de Montevideo, Rep\u00fablica Oriental del Uruguay.<\/span><\/p>\n<p><span style=\"color: #000000;\"><\/span><\/p>\n<p><span style=\"color: #000000;\">S\u00e9ptimo. ENLACES Y REDES SOCIALES<\/span><\/p>\n<p><span style=\"color: #000000;\"><\/span><\/p>\n<p><span style=\"color: #000000;\">La presente Pol\u00edtica de Privacidad es de aplicaci\u00f3n exclusiva a los datos en posesi\u00f3n de KRANST por la actividad de los usuarios en el sitio web <a style=\"color: #000000;\" href=\"http:\/\/www.cosem.com.uy\">www.Kranst.com.<\/a>. En ning\u00fan caso se extiende a los casos de acceso al mismo a trav\u00e9s de enlaces externos, ni tampoco en los enlaces del sitio web de KRANST a otros sitios web. El usuario podr\u00e1 optar por unirse a las p\u00e1ginas o grupos que KRANST tenga en distintas redes sociales, sin embargo, los datos pertenecer\u00e1n a la Red Social correspondiente, por lo que KRANST no es responsable del tratamiento de cualquier dato personal que el usuario revele a trav\u00e9s estas p\u00e1ginas de redes sociales, siendo recomendable que el usuario lea detenidamente sus condiciones de uso y pol\u00edticas de privacidad, as\u00ed como que configure sus preferencias en cuanto al tratamiento de los datos.<\/span><\/p>\n<p><span style=\"color: #000000;\"><\/span><\/p>\n<p><span style=\"color: #000000;\">Octavo. ACTUALIZACI\u00d3N DE LA POL\u00cdTICA DE PRIVACIDAD<\/span><\/p>\n<p><span style=\"color: #000000;\"><\/span><\/p>\n<p><span style=\"color: #000000;\">KRANST podr\u00e1 rever, revisar, y\/o actualizar permanentemente todos los aspectos relativos a su Pol\u00edtica de Privacidad. En el momento que la misma sea actualizada, ser\u00e1 informado a trav\u00e9s del sitio web <a style=\"color: #000000;\" href=\"http:\/\/www.cosem.com.uy\">www.Kranst.com<\/a>. La utilizaci\u00f3n por el usuario del sitio web www.Kranst.com despu\u00e9s de informados estos cambios, significa la aceptaci\u00f3n de la Pol\u00edtica de Privacidad revisada.<\/span><\/p>\n<p><span style=\"color: #000000;\"><\/span><\/p>\n<p><span style=\"color: #000000;\">Noveno. LEY APLICABLE Y JURISDICCI\u00d3N<\/span><\/p>\n<p><span style=\"color: #000000;\"><\/span><\/p>\n<p><span style=\"color: #000000;\">Esta Pol\u00edtica de Privacidad se encuentra regida en todas sus cl\u00e1usulas y sin excepci\u00f3n por las leyes de la Rep\u00fablica Oriental del Uruguay. Cualquier controversia relativa a su existencia, validez, interpretaci\u00f3n, alcance o cumplimiento ser\u00e1 sometida a los tribunales ordinarios de la ciudad de Montevideo, Uruguay.<\/span><\/p>\n<p><span style=\"color: #000000;\"><\/span><\/p>\n<p><span style=\"color: #000000;\">D\u00e9cimo. ACEPTACI\u00d3N DE ESTOS T\u00c9RMINOS<\/span><\/p>\n<p><span style=\"color: #000000;\"><\/span><\/p>\n<p><span style=\"color: #000000;\">Al utilizar el sitio web www.Kranst.com, Ud. est\u00e1 manifestando conocer nuestra Pol\u00edtica de Privacidad y los T\u00e9rminos y Condiciones de Uso, por lo que se considerar\u00e1n aceptados los mismos.<\/span><\/p>\n<p><\/p>\t\t\t\t\t\t\t\t<\/div>\n\t\t\t\t<\/div>\n\t\t\t\t\t<\/div>\n\t\t<\/div>\n\t\t\t\t\t<\/div>\n\t\t<\/section>\n\t\t\t\t<section data-particle_enable=\"false\" data-particle-mobile-disabled=\"false\" class=\"elementor-section elementor-top-section elementor-element elementor-element-02c2e5b elementor-section-boxed elementor-section-height-default elementor-section-height-default\" data-id=\"02c2e5b\" data-element_type=\"section\" data-e-type=\"section\">\n\t\t\t\t\t\t<div class=\"elementor-container elementor-column-gap-default\">\n\t\t\t\t\t<div class=\"elementor-column elementor-col-100 elementor-top-column elementor-element elementor-element-ca19123\" data-id=\"ca19123\" data-element_type=\"column\" data-e-type=\"column\">\n\t\t\t<div class=\"elementor-widget-wrap elementor-element-populated\">\n\t\t\t\t\t\t<div class=\"elementor-element elementor-element-27843b5 elementor-widget elementor-widget-image\" data-id=\"27843b5\" data-element_type=\"widget\" data-e-type=\"widget\" data-widget_type=\"image.default\">\n\t\t\t\t<div class=\"elementor-widget-container\">\n\t\t\t\t\t\t\t\t\t\t\t\t\t\t\t<img decoding=\"async\" width=\"150\" height=\"150\" src=\"https:\/\/kranst.com\/wp-content\/uploads\/2020\/01\/KRANST-9-150x150.png\" class=\"attachment-thumbnail size-thumbnail wp-image-6\" alt=\"\" srcset=\"https:\/\/kranst.com\/wp-content\/uploads\/2020\/01\/KRANST-9-150x150.png 150w, https:\/\/kranst.com\/wp-content\/uploads\/2020\/01\/KRANST-9-300x300.png 300w, https:\/\/kranst.com\/wp-content\/uploads\/2020\/01\/KRANST-9-1024x1024.png 1024w, https:\/\/kranst.com\/wp-content\/uploads\/2020\/01\/KRANST-9-768x768.png 768w, https:\/\/kranst.com\/wp-content\/uploads\/2020\/01\/KRANST-9-1200x1200.png 1200w, https:\/\/kranst.com\/wp-content\/uploads\/2020\/01\/KRANST-9-e1595896780471.png 100w\" sizes=\"(max-width: 150px) 100vw, 150px\" \/>\t\t\t\t\t\t\t\t\t\t\t\t\t\t\t<\/div>\n\t\t\t\t<\/div>\n\t\t\t\t<div class=\"elementor-element elementor-element-010a147 elementor-button-success elementor-align-center elementor-widget elementor-widget-button\" data-id=\"010a147\" data-element_type=\"widget\" data-e-type=\"widget\" data-widget_type=\"button.default\">\n\t\t\t\t<div class=\"elementor-widget-container\">\n\t\t\t\t\t\t\t\t\t<div class=\"elementor-button-wrapper\">\n\t\t\t\t\t<a class=\"elementor-button elementor-button-link elementor-size-sm\" href=\"https:\/\/kranst.com\/index.php\/kranst-transformacion-digital\/\">\n\t\t\t\t\t\t<span class=\"elementor-button-content-wrapper\">\n\t\t\t\t\t\t\t\t\t<span class=\"elementor-button-text\">Volver al Inicio<\/span>\n\t\t\t\t\t<\/span>\n\t\t\t\t\t<\/a>\n\t\t\t\t<\/div>\n\t\t\t\t\t\t\t\t<\/div>\n\t\t\t\t<\/div>\n\t\t\t\t\t<\/div>\n\t\t<\/div>\n\t\t\t\t\t<\/div>\n\t\t<\/section>\n\t\t\t\t<\/div>\n\t\t","protected":false},"excerpt":{"rendered":"<p>KRANST se encuentra comprometida con la Protecci\u00f3n de los Datos Personales de quienes hagan uso del sitio web www.Kranst.com, por lo que aplicar\u00e1 sus mayores esfuerzos y diligencia en su tratamiento, conforme a la pol\u00edtica que se explicita detalladamente en el presente documento. Primero. MARCO LEGAL La presente Pol\u00edtica de Privacidad se ajusta a lo [&hellip;]<\/p>\n","protected":false},"author":1,"featured_media":0,"parent":0,"menu_order":0,"comment_status":"closed","ping_status":"closed","template":"","meta":{"_monsterinsights_skip_tracking":false,"_monsterinsights_sitenote_active":false,"_monsterinsights_sitenote_note":"","_monsterinsights_sitenote_category":0,"_joinchat":[],"footnotes":""},"class_list":["post-313","page","type-page","status-publish","hentry"],"aioseo_notices":[],"jetpack_sharing_enabled":true,"_links":{"self":[{"href":"https:\/\/kranst.com\/index.php\/wp-json\/wp\/v2\/pages\/313","targetHints":{"allow":["GET"]}}],"collection":[{"href":"https:\/\/kranst.com\/index.php\/wp-json\/wp\/v2\/pages"}],"about":[{"href":"https:\/\/kranst.com\/index.php\/wp-json\/wp\/v2\/types\/page"}],"author":[{"embeddable":true,"href":"https:\/\/kranst.com\/index.php\/wp-json\/wp\/v2\/users\/1"}],"replies":[{"embeddable":true,"href":"https:\/\/kranst.com\/index.php\/wp-json\/wp\/v2\/comments?post=313"}],"version-history":[{"count":10,"href":"https:\/\/kranst.com\/index.php\/wp-json\/wp\/v2\/pages\/313\/revisions"}],"predecessor-version":[{"id":1390,"href":"https:\/\/kranst.com\/index.php\/wp-json\/wp\/v2\/pages\/313\/revisions\/1390"}],"wp:attachment":[{"href":"https:\/\/kranst.com\/index.php\/wp-json\/wp\/v2\/media?parent=313"}],"curies":[{"name":"wp","href":"https:\/\/api.w.org\/{rel}","templated":true}]}}